{"id":8262,"date":"2024-08-07T15:05:19","date_gmt":"2024-08-07T15:05:19","guid":{"rendered":"https:\/\/www.buildingtrades.ca\/membership-join\/"},"modified":"2025-08-05T14:54:15","modified_gmt":"2025-08-05T14:54:15","slug":"rejoindre-litc","status":"publish","type":"page","link":"https:\/\/portal.buildingtrades.ca\/fr\/rejoindre-litc\/","title":{"rendered":"Inscription"},"content":{"rendered":"<div data-elementor-type=\"wp-page\" data-elementor-id=\"8262\" class=\"elementor elementor-8262\" data-elementor-post-type=\"page\">\n\t\t\t\t<div class=\"elementor-element elementor-element-2cb63c76 e-flex e-con-boxed e-con e-parent\" data-id=\"2cb63c76\" data-element_type=\"container\" data-e-type=\"container\">\n\t\t\t\t\t<div class=\"e-con-inner\">\n\t\t\t\t<div class=\"elementor-element elementor-element-2119ccce elementor-widget elementor-widget-text-editor\" data-id=\"2119ccce\" data-element_type=\"widget\" data-e-type=\"widget\" data-widget_type=\"text-editor.default\">\n\t\t\t\t<div class=\"elementor-widget-container\">\n\t\t\t\t\t\t\t\t\t<p style=\"color:red;font-weight:bold;\">Cette page et son contenu ont \u00e9t\u00e9 g\u00e9n\u00e9r\u00e9s automatiquement pour toi afin de te donner une id\u00e9e de base de ce \u00e0 quoi doit ressembler une page \"Rejoins-nous\". Tu peux personnaliser cette page comme tu le souhaites en la modifiant \u00e0 partir de ton \u00e9diteur de pages WordPress.<\/p><p style=\"font-weight:bold;\">Si tu changes l'URL de cette page, assure-toi de mettre \u00e0 jour la valeur de l'URL dans le menu des param\u00e8tres du plugin.<\/p><p style=\"font-weight:bold;\">Si tu supprimes l'une des pages essentielles requises par le plugin, <a href=\"https:\/\/simple-membership-plugin.com\/recreating-required-pages-simple-membership-plugin\/\" target=\"_blank\" rel=\"noopener\">cette documentation<\/a> te guidera pour les recr\u00e9er.<\/p><p style=\"border-top:1px solid #ccc;padding-top:10px;margin-top:10px;\"><\/p>\n\t\t\t<strong>Adh\u00e9sion gratuite<\/strong>\n\t\t\t<br \/>\n\t\t\tTu b\u00e9n\u00e9ficies d'un acc\u00e8s illimit\u00e9 au contenu gratuit de l'adh\u00e9sion.\n\t\t\t<br \/>\n\t\t\t<em><strong>Prix : Gratuit !<\/strong><\/em>\n\t\t\t<br \/><br \/>Relie l'image suivante pour aller \u00e0 la page d'inscription si tu veux que tes visiteurs puissent cr\u00e9er un compte de membre gratuit.<br \/><br \/>\n\t\t\t<img decoding=\"async\" title=\"Rejoindre\" src=\"https:\/\/portal.buildingtrades.ca\/wp-content\/plugins\/simple-membership\/images\/join-now-button-image.gif\" alt=\"Bouton Rejoindre\" width=\"277\" height=\"82\" \/>\n\t\t\t<p style=\"border-bottom:1px solid #ccc;padding-bottom:10px;margin-bottom:10px;\"><\/p><p><strong>Tu peux t'inscrire pour une adh\u00e9sion gratuite ou payer pour l'une des options d'adh\u00e9sion suivantes.<\/strong><\/p><p style=\"border-top:1px solid #ccc;padding-top:10px;margin-top:10px;\"><\/p>\n\t\t\t[ ==&gt; Ins\u00e9rer le bouton de paiement pour tes niveaux d'adh\u00e9sion payants ici <== ]\n\t\t\t<p style=\"border-bottom:1px solid #ccc;padding-bottom:10px;margin-bottom:10px;\"><\/p>\t\t\t\t\t\t\t\t<\/div>\n\t\t\t\t<\/div>\n\t\t\t\t\t<\/div>\n\t\t\t\t<\/div>\n\t\t\t\t<\/div>","protected":false},"excerpt":{"rendered":"<p>This page and the content has been automatically generated for you to give you a basic idea of how a &#8220;Join Us&#8221; page should look like. You can customize this page however you like it by editing this page from your WordPress page editor. If you change the URL of this page, make sure to [&hellip;]<\/p>","protected":false},"author":127,"featured_media":9771,"parent":0,"menu_order":0,"comment_status":"closed","ping_status":"closed","template":"","meta":{"_acf_changed":false,"footnotes":""},"class_list":["post-8262","page","type-page","status-publish","has-post-thumbnail","hentry"],"acf":[],"yoast_head":"<!-- This site is optimized with the Yoast SEO plugin v25.4 - https:\/\/yoast.com\/wordpress\/plugins\/seo\/ -->\n<title>Registration - Canada&#039;s Building Trades Unions<\/title>\n<meta name=\"description\" content=\"Register to get access to the ITC Portal.\" \/>\n<meta name=\"robots\" content=\"index, follow, max-snippet:-1, max-image-preview:large, max-video-preview:-1\" \/>\n<link rel=\"canonical\" href=\"https:\/\/portal.buildingtrades.ca\/fr\/rejoindre-litc\/\" \/>\n<meta property=\"og:locale\" content=\"fr_CA\" \/>\n<meta property=\"og:type\" content=\"article\" \/>\n<meta property=\"og:title\" content=\"ITC Portal Registration | Canada&#039;s Building Trades Unions\" \/>\n<meta property=\"og:description\" content=\"Register to get access to the ITC Portal.\" \/>\n<meta property=\"og:url\" content=\"https:\/\/portal.buildingtrades.ca\/fr\/rejoindre-litc\/\" \/>\n<meta property=\"og:site_name\" content=\"Canada&#039;s Building Trades Unions\" \/>\n<meta property=\"article:publisher\" content=\"https:\/\/www.facebook.com\/CdnTrades\/\" \/>\n<meta property=\"article:modified_time\" content=\"2025-08-05T14:54:15+00:00\" \/>\n<meta property=\"og:image\" content=\"https:\/\/portal.buildingtrades.ca\/wp-content\/uploads\/2024\/08\/CBTU_Sharer.png\" \/>\n\t<meta property=\"og:image:width\" content=\"1200\" \/>\n\t<meta property=\"og:image:height\" content=\"630\" \/>\n\t<meta property=\"og:image:type\" content=\"image\/png\" \/>\n<meta name=\"twitter:card\" content=\"summary_large_image\" \/>\n<meta name=\"twitter:site\" content=\"@CDNTrades\" \/>\n<meta name=\"twitter:label1\" content=\"Est. reading time\" \/>\n\t<meta name=\"twitter:data1\" content=\"2 minutes\" \/>\n<script type=\"application\/ld+json\" class=\"yoast-schema-graph\">{\"@context\":\"https:\/\/schema.org\",\"@graph\":[{\"@type\":\"WebPage\",\"@id\":\"https:\/\/portal.buildingtrades.ca\/en\/itc-join\/\",\"url\":\"https:\/\/portal.buildingtrades.ca\/en\/itc-join\/\",\"name\":\"Registration - Canada&#039;s Building Trades Unions\",\"isPartOf\":{\"@id\":\"https:\/\/portal.buildingtrades.ca\/#website\"},\"primaryImageOfPage\":{\"@id\":\"https:\/\/portal.buildingtrades.ca\/en\/itc-join\/#primaryimage\"},\"image\":{\"@id\":\"https:\/\/portal.buildingtrades.ca\/en\/itc-join\/#primaryimage\"},\"thumbnailUrl\":\"https:\/\/portal.buildingtrades.ca\/wp-content\/uploads\/2024\/08\/CBTU_Sharer.png?wsr\",\"datePublished\":\"2024-08-07T15:05:19+00:00\",\"dateModified\":\"2025-08-05T14:54:15+00:00\",\"description\":\"Register to get access to the ITC Portal.\",\"breadcrumb\":{\"@id\":\"https:\/\/portal.buildingtrades.ca\/en\/itc-join\/#breadcrumb\"},\"inLanguage\":\"fr-CA\",\"potentialAction\":[{\"@type\":\"ReadAction\",\"target\":[\"https:\/\/portal.buildingtrades.ca\/en\/itc-join\/\"]}]},{\"@type\":\"ImageObject\",\"inLanguage\":\"fr-CA\",\"@id\":\"https:\/\/portal.buildingtrades.ca\/en\/itc-join\/#primaryimage\",\"url\":\"https:\/\/portal.buildingtrades.ca\/wp-content\/uploads\/2024\/08\/CBTU_Sharer.png?wsr\",\"contentUrl\":\"https:\/\/portal.buildingtrades.ca\/wp-content\/uploads\/2024\/08\/CBTU_Sharer.png?wsr\",\"width\":1200,\"height\":630},{\"@type\":\"BreadcrumbList\",\"@id\":\"https:\/\/portal.buildingtrades.ca\/en\/itc-join\/#breadcrumb\",\"itemListElement\":[{\"@type\":\"ListItem\",\"position\":1,\"name\":\"Home\",\"item\":\"https:\/\/portal.buildingtrades.ca\/en\/\"},{\"@type\":\"ListItem\",\"position\":2,\"name\":\"Registration\"}]},{\"@type\":\"WebSite\",\"@id\":\"https:\/\/portal.buildingtrades.ca\/#website\",\"url\":\"https:\/\/portal.buildingtrades.ca\/\",\"name\":\"Canada's Building Trades Unions\",\"description\":\"We are the national voice of over half a million Canadian construction workers\u2014members of 14 international unions who work in more than 60 different trades and occupations, and generate six percent of this country\u2019s GDP.\",\"publisher\":{\"@id\":\"https:\/\/portal.buildingtrades.ca\/#organization\"},\"potentialAction\":[{\"@type\":\"SearchAction\",\"target\":{\"@type\":\"EntryPoint\",\"urlTemplate\":\"https:\/\/portal.buildingtrades.ca\/?s={search_term_string}\"},\"query-input\":{\"@type\":\"PropertyValueSpecification\",\"valueRequired\":true,\"valueName\":\"search_term_string\"}}],\"inLanguage\":\"fr-CA\"},{\"@type\":\"Organization\",\"@id\":\"https:\/\/portal.buildingtrades.ca\/#organization\",\"name\":\"Canada's Building Trades Unions\",\"url\":\"https:\/\/portal.buildingtrades.ca\/\",\"logo\":{\"@type\":\"ImageObject\",\"inLanguage\":\"fr-CA\",\"@id\":\"https:\/\/portal.buildingtrades.ca\/#\/schema\/logo\/image\/\",\"url\":\"https:\/\/portal.buildingtrades.ca\/wp-content\/uploads\/2024\/07\/cbtu-logo.svg?wsr\",\"contentUrl\":\"https:\/\/portal.buildingtrades.ca\/wp-content\/uploads\/2024\/07\/cbtu-logo.svg?wsr\",\"width\":227,\"height\":78,\"caption\":\"Canada's Building Trades Unions\"},\"image\":{\"@id\":\"https:\/\/portal.buildingtrades.ca\/#\/schema\/logo\/image\/\"},\"sameAs\":[\"https:\/\/www.facebook.com\/CdnTrades\/\",\"https:\/\/x.com\/CDNTrades\"]}]}<\/script>\n<!-- \/ Yoast SEO plugin. -->","yoast_head_json":{"title":"Registration - Canada&#039;s Building Trades Unions","description":"Register to get access to the ITC Portal.","robots":{"index":"index","follow":"follow","max-snippet":"max-snippet:-1","max-image-preview":"max-image-preview:large","max-video-preview":"max-video-preview:-1"},"canonical":"https:\/\/portal.buildingtrades.ca\/fr\/rejoindre-litc\/","og_locale":"fr_CA","og_type":"article","og_title":"ITC Portal Registration | Canada's Building Trades Unions","og_description":"Register to get access to the ITC Portal.","og_url":"https:\/\/portal.buildingtrades.ca\/fr\/rejoindre-litc\/","og_site_name":"Canada&#039;s Building Trades Unions","article_publisher":"https:\/\/www.facebook.com\/CdnTrades\/","article_modified_time":"2025-08-05T14:54:15+00:00","og_image":[{"width":1200,"height":630,"url":"https:\/\/portal.buildingtrades.ca\/wp-content\/uploads\/2024\/08\/CBTU_Sharer.png","type":"image\/png"}],"twitter_card":"summary_large_image","twitter_site":"@CDNTrades","twitter_misc":{"Est. reading time":"2 minutes"},"schema":{"@context":"https:\/\/schema.org","@graph":[{"@type":"WebPage","@id":"https:\/\/portal.buildingtrades.ca\/en\/itc-join\/","url":"https:\/\/portal.buildingtrades.ca\/en\/itc-join\/","name":"Registration - Canada&#039;s Building Trades Unions","isPartOf":{"@id":"https:\/\/portal.buildingtrades.ca\/#website"},"primaryImageOfPage":{"@id":"https:\/\/portal.buildingtrades.ca\/en\/itc-join\/#primaryimage"},"image":{"@id":"https:\/\/portal.buildingtrades.ca\/en\/itc-join\/#primaryimage"},"thumbnailUrl":"https:\/\/portal.buildingtrades.ca\/wp-content\/uploads\/2024\/08\/CBTU_Sharer.png?wsr","datePublished":"2024-08-07T15:05:19+00:00","dateModified":"2025-08-05T14:54:15+00:00","description":"Register to get access to the ITC Portal.","breadcrumb":{"@id":"https:\/\/portal.buildingtrades.ca\/en\/itc-join\/#breadcrumb"},"inLanguage":"fr-CA","potentialAction":[{"@type":"ReadAction","target":["https:\/\/portal.buildingtrades.ca\/en\/itc-join\/"]}]},{"@type":"ImageObject","inLanguage":"fr-CA","@id":"https:\/\/portal.buildingtrades.ca\/en\/itc-join\/#primaryimage","url":"https:\/\/portal.buildingtrades.ca\/wp-content\/uploads\/2024\/08\/CBTU_Sharer.png?wsr","contentUrl":"https:\/\/portal.buildingtrades.ca\/wp-content\/uploads\/2024\/08\/CBTU_Sharer.png?wsr","width":1200,"height":630},{"@type":"BreadcrumbList","@id":"https:\/\/portal.buildingtrades.ca\/en\/itc-join\/#breadcrumb","itemListElement":[{"@type":"ListItem","position":1,"name":"Home","item":"https:\/\/portal.buildingtrades.ca\/en\/"},{"@type":"ListItem","position":2,"name":"Registration"}]},{"@type":"WebSite","@id":"https:\/\/portal.buildingtrades.ca\/#website","url":"https:\/\/portal.buildingtrades.ca\/","name":"Canada's Building Trades Unions","description":"We are the national voice of over half a million Canadian construction workers\u2014members of 14 international unions who work in more than 60 different trades and occupations, and generate six percent of this country\u2019s GDP.","publisher":{"@id":"https:\/\/portal.buildingtrades.ca\/#organization"},"potentialAction":[{"@type":"SearchAction","target":{"@type":"EntryPoint","urlTemplate":"https:\/\/portal.buildingtrades.ca\/?s={search_term_string}"},"query-input":{"@type":"PropertyValueSpecification","valueRequired":true,"valueName":"search_term_string"}}],"inLanguage":"fr-CA"},{"@type":"Organization","@id":"https:\/\/portal.buildingtrades.ca\/#organization","name":"Canada's Building Trades Unions","url":"https:\/\/portal.buildingtrades.ca\/","logo":{"@type":"ImageObject","inLanguage":"fr-CA","@id":"https:\/\/portal.buildingtrades.ca\/#\/schema\/logo\/image\/","url":"https:\/\/portal.buildingtrades.ca\/wp-content\/uploads\/2024\/07\/cbtu-logo.svg?wsr","contentUrl":"https:\/\/portal.buildingtrades.ca\/wp-content\/uploads\/2024\/07\/cbtu-logo.svg?wsr","width":227,"height":78,"caption":"Canada's Building Trades Unions"},"image":{"@id":"https:\/\/portal.buildingtrades.ca\/#\/schema\/logo\/image\/"},"sameAs":["https:\/\/www.facebook.com\/CdnTrades\/","https:\/\/x.com\/CDNTrades"]}]}},"_links":{"self":[{"href":"https:\/\/portal.buildingtrades.ca\/fr\/wp-json\/wp\/v2\/pages\/8262","targetHints":{"allow":["GET"]}}],"collection":[{"href":"https:\/\/portal.buildingtrades.ca\/fr\/wp-json\/wp\/v2\/pages"}],"about":[{"href":"https:\/\/portal.buildingtrades.ca\/fr\/wp-json\/wp\/v2\/types\/page"}],"author":[{"embeddable":true,"href":"https:\/\/portal.buildingtrades.ca\/fr\/wp-json\/wp\/v2\/users\/127"}],"replies":[{"embeddable":true,"href":"https:\/\/portal.buildingtrades.ca\/fr\/wp-json\/wp\/v2\/comments?post=8262"}],"version-history":[{"count":6,"href":"https:\/\/portal.buildingtrades.ca\/fr\/wp-json\/wp\/v2\/pages\/8262\/revisions"}],"predecessor-version":[{"id":10723,"href":"https:\/\/portal.buildingtrades.ca\/fr\/wp-json\/wp\/v2\/pages\/8262\/revisions\/10723"}],"wp:featuredmedia":[{"embeddable":true,"href":"https:\/\/portal.buildingtrades.ca\/fr\/wp-json\/wp\/v2\/media\/9771"}],"wp:attachment":[{"href":"https:\/\/portal.buildingtrades.ca\/fr\/wp-json\/wp\/v2\/media?parent=8262"}],"curies":[{"name":"wp","href":"https:\/\/api.w.org\/{rel}","templated":true}]}}